{"id":21,"date":"2018-08-16T15:01:36","date_gmt":"2018-08-16T15:01:36","guid":{"rendered":"http:\/\/sgk-badminton.de\/?page_id=21"},"modified":"2018-08-16T15:01:36","modified_gmt":"2018-08-16T15:01:36","slug":"impressum","status":"publish","type":"page","link":"https:\/\/sgk-badminton.de\/?page_id=21","title":{"rendered":"Impressum"},"content":{"rendered":"<div class=\"impressum\">\n<h1>Impressum<\/h1>\n<p>Angaben gem\u00e4\u00df \u00a7 5 TMG<\/p>\n<p>Mark Bode<br \/>\nDortmunder Str 11<br \/>\n41564 Kaarst<\/p>\n<p><strong>Vertreten durch:\u00a0<\/strong><br \/>\nMark Bode<\/p>\n<p><strong>Kontakt:<\/strong><br \/>\nTelefon: 02131-1332867<br \/>\nE-Mail:\u00a0<a href=\"mailto:mark.bode@sgk-badminton.de\">mark.bode@sgk-badminton.de<\/a><\/p>\n<p><strong>Verantwortlich f\u00fcr den Inhalt nach \u00a7 55 Abs. 2 RStV:<\/strong><br \/>\nMark Bode<br \/>\nDortmunder Str 11<br \/>\n41564 Kaarst<\/p>\n<p><strong>Haftungsausschluss:\u00a0<\/strong><\/p>\n<p><strong>Haftung f\u00fcr Inhalte<\/strong><\/p>\n<p>Die Inhalte unserer Seiten wurden mit gr\u00f6\u00dfter Sorgfalt erstellt. F\u00fcr die Richtigkeit, Vollst\u00e4ndigkeit und Aktualit\u00e4t der Inhalte k\u00f6nnen wir jedoch keine Gew\u00e4hr \u00fcbernehmen. Als Diensteanbieter sind wir gem\u00e4\u00df \u00a7 7 Abs.1 TMG f\u00fcr eigene Inhalte auf diesen Seiten nach den allgemeinen Gesetzen verantwortlich. Nach \u00a7\u00a7 8 bis 10 TMG sind wir als Diensteanbieter jedoch nicht verpflichtet, \u00fcbermittelte oder gespeicherte fremde Informationen zu \u00fcberwachen oder nach Umst\u00e4nden zu forschen, die auf eine rechtswidrige T\u00e4tigkeit hinweisen. Verpflichtungen zur Entfernung oder Sperrung der Nutzung von Informationen nach den allgemeinen Gesetzen bleiben hiervon unber\u00fchrt. Eine diesbez\u00fcgliche Haftung ist jedoch erst ab dem Zeitpunkt der Kenntnis einer konkreten Rechtsverletzung m\u00f6glich. Bei Bekanntwerden von entsprechenden Rechtsverletzungen werden wir diese Inhalte umgehend entfernen.<\/p>\n<p><strong>Urheberrecht<\/strong><\/p>\n<p>Die durch die Seitenbetreiber erstellten Inhalte und Werke auf diesen Seiten unterliegen dem deutschen Urheberrecht. Die Vervielf\u00e4ltigung, Bearbeitung, Verbreitung und jede Art der Verwertung au\u00dferhalb der Grenzen des Urheberrechtes bed\u00fcrfen der schriftlichen Zustimmung des jeweiligen Autors bzw. Erstellers. Downloads und Kopien dieser Seite sind nur f\u00fcr den privaten, nicht kommerziellen Gebrauch gestattet. Soweit die Inhalte auf dieser Seite nicht vom Betreiber erstellt wurden, werden die Urheberrechte Dritter beachtet. Insbesondere werden Inhalte Dritter als solche gekennzeichnet. Sollten Sie trotzdem auf eine Urheberrechtsverletzung aufmerksam werden, bitten wir um einen entsprechenden Hinweis. Bei Bekanntwerden von Rechtsverletzungen werden wir derartige Inhalte umgehend entfernen.<\/p>\n<div id=\"link\">Website Impressum von\u00a0<a href=\"https:\/\/www.impressum-generator.de\/\">impressum-generator.de<\/a><\/div>\n<\/div>\n","protected":false},"excerpt":{"rendered":"<p>Impressum Angaben gem\u00e4\u00df \u00a7 5 TMG Mark Bode Dortmunder Str 11 41564 Kaarst Vertreten durch:\u00a0 Mark Bode Kontakt: Telefon: 02131-1332867 E-Mail:\u00a0mark.bode@sgk-badminton.de Verantwortlich f\u00fcr den Inhalt nach \u00a7 55 Abs. 2 RStV: Mark Bode Dortmunder Str 11 41564 Kaarst Haftungsausschluss:\u00a0 Haftung f\u00fcr Inhalte Die Inhalte unserer Seiten wurden mit gr\u00f6\u00dfter Sorgfalt erstellt. F\u00fcr die Richtigkeit, Vollst\u00e4ndigkeit und Aktualit\u00e4t der Inhalte k\u00f6nnen<\/p>\n","protected":false},"author":1,"featured_media":0,"parent":0,"menu_order":0,"comment_status":"closed","ping_status":"closed","template":"","meta":{"footnotes":""},"_links":{"self":[{"href":"https:\/\/sgk-badminton.de\/index.php?rest_route=\/wp\/v2\/pages\/21"}],"collection":[{"href":"https:\/\/sgk-badminton.de\/index.php?rest_route=\/wp\/v2\/pages"}],"about":[{"href":"https:\/\/sgk-badminton.de\/index.php?rest_route=\/wp\/v2\/types\/page"}],"author":[{"embeddable":true,"href":"https:\/\/sgk-badminton.de\/index.php?rest_route=\/wp\/v2\/users\/1"}],"replies":[{"embeddable":true,"href":"https:\/\/sgk-badminton.de\/index.php?rest_route=%2Fwp%2Fv2%2Fcomments&post=21"}],"version-history":[{"count":1,"href":"https:\/\/sgk-badminton.de\/index.php?rest_route=\/wp\/v2\/pages\/21\/revisions"}],"predecessor-version":[{"id":22,"href":"https:\/\/sgk-badminton.de\/index.php?rest_route=\/wp\/v2\/pages\/21\/revisions\/22"}],"wp:attachment":[{"href":"https:\/\/sgk-badminton.de\/index.php?rest_route=%2Fwp%2Fv2%2Fmedia&parent=21"}],"curies":[{"name":"wp","href":"https:\/\/api.w.org\/{rel}","templated":true}]}}